{"id":747,"date":"2025-10-02T18:48:59","date_gmt":"2025-10-02T18:48:59","guid":{"rendered":"https:\/\/ruhipalace.com.tr\/?page_id=747"},"modified":"2025-10-02T18:49:41","modified_gmt":"2025-10-02T18:49:41","slug":"bir-yazarin-tatil-defteri-ruhi-palasin-kitaplara-yolculugu","status":"publish","type":"page","link":"https:\/\/ruhipalace.com.tr\/tr\/bir-yazarin-tatil-defteri-ruhi-palasin-kitaplara-yolculugu\/","title":{"rendered":"Bir Yazar\u0131n Tatil Defteri: Ruhi Palas\u2019\u0131n Kitaplara Yolculu\u011fu"},"content":{"rendered":"<p data-start=\"63\" data-end=\"458\">Ruhi Palas, yaln\u0131zca manzaras\u0131yla de\u011fil, ayn\u0131 zamanda misafirlerine verdi\u011fi huzurla da ilham veren bir yer. Bunun en g\u00fczel \u00f6rneklerinden birini de\u011ferli misafirimiz, yazar <strong data-start=\"234\" data-end=\"250\">Eda Ard\u0131\u00e7lar<\/strong> bize ya\u015fatt\u0131. Ruhi Palas\u2019ta konaklad\u0131\u011f\u0131 s\u00fcre boyunca penceremizden g\u00f6r\u00fcnen e\u015fsiz manzaralar, dalgalar\u0131n k\u0131y\u0131ya vururken \u00e7\u0131kard\u0131\u011f\u0131 ritmik sesler ve tarihin b\u00fcy\u00fcs\u00fcn\u00fc yans\u0131tan atmosfer, onun kalemine dokundu.<\/p>\n\n\t\t<style type=\"text\/css\">\n\t\t\t#gallery-1 {\n\t\t\t\tmargin: auto;\n\t\t\t}\n\t\t\t#gallery-1 .gallery-item {\n\t\t\t\tfloat: left;\n\t\t\t\tmargin-top: 10px;\n\t\t\t\ttext-align: center;\n\t\t\t\twidth: 33%;\n\t\t\t}\n\t\t\t#gallery-1 img {\n\t\t\t\tborder: 2px solid #cfcfcf;\n\t\t\t}\n\t\t\t#gallery-1 .gallery-caption {\n\t\t\t\tmargin-left: 0;\n\t\t\t}\n\t\t\t\/* see gallery_shortcode() in wp-includes\/media.php *\/\n\t\t<\/style>\n\t\t<div id='gallery-1' class='gallery galleryid-747 gallery-columns-3 gallery-size-medium'><dl class='gallery-item'>\n\t\t\t<dt class='gallery-icon landscape'>\n\t\t\t\t<a data-rel=\"lightbox-gallery-1\" data-title=\"amasra-ruhi-palas-yazarlarin-ilham-adresi-64e5aebe-150d-4581-b616-d1ff2285b44a\" data-caption=\"\" href='https:\/\/ruhipalace.com.tr\/wp-content\/uploads\/2025\/10\/amasra-ruhi-palas-yazarlarin-ilham-adresi-64e5aebe-150d-4581-b616-d1ff2285b44a.jpg' title=\"\" data-rl_title=\"\" class=\"rl-gallery-link\" data-rl_caption=\"\"><img fetchpriority=\"high\" decoding=\"async\" width=\"300\" height=\"226\" src=\"https:\/\/ruhipalace.com.tr\/wp-content\/uploads\/2025\/10\/amasra-ruhi-palas-yazarlarin-ilham-adresi-64e5aebe-150d-4581-b616-d1ff2285b44a-300x226.jpg\" class=\"attachment-medium size-medium\" alt=\"\" srcset=\"https:\/\/ruhipalace.com.tr\/wp-content\/uploads\/2025\/10\/amasra-ruhi-palas-yazarlarin-ilham-adresi-64e5aebe-150d-4581-b616-d1ff2285b44a-16x12.jpg 16w, https:\/\/ruhipalace.com.tr\/wp-content\/uploads\/2025\/10\/amasra-ruhi-palas-yazarlarin-ilham-adresi-64e5aebe-150d-4581-b616-d1ff2285b44a-300x226.jpg 300w, https:\/\/ruhipalace.com.tr\/wp-content\/uploads\/2025\/10\/amasra-ruhi-palas-yazarlarin-ilham-adresi-64e5aebe-150d-4581-b616-d1ff2285b44a-768x578.jpg 768w, https:\/\/ruhipalace.com.tr\/wp-content\/uploads\/2025\/10\/amasra-ruhi-palas-yazarlarin-ilham-adresi-64e5aebe-150d-4581-b616-d1ff2285b44a-1024x771.jpg 1024w, https:\/\/ruhipalace.com.tr\/wp-content\/uploads\/2025\/10\/amasra-ruhi-palas-yazarlarin-ilham-adresi-64e5aebe-150d-4581-b616-d1ff2285b44a-1536x1156.jpg 1536w, https:\/\/ruhipalace.com.tr\/wp-content\/uploads\/2025\/10\/amasra-ruhi-palas-yazarlarin-ilham-adresi-64e5aebe-150d-4581-b616-d1ff2285b44a.jpg 1600w\" sizes=\"(max-width: 300px) 100vw, 300px\" \/><\/a>\n\t\t\t<\/dt><\/dl><dl class='gallery-item'>\n\t\t\t<dt class='gallery-icon portrait'>\n\t\t\t\t<a data-rel=\"lightbox-gallery-1\" data-title=\"amasra-ruhi-palas-yazarlarin-ilham-adresi-d2424448-7946-419f-b247-b59371c4e455\" data-caption=\"\" href='https:\/\/ruhipalace.com.tr\/wp-content\/uploads\/2025\/10\/amasra-ruhi-palas-yazarlarin-ilham-adresi-d2424448-7946-419f-b247-b59371c4e455.jpg' title=\"\" data-rl_title=\"\" class=\"rl-gallery-link\" data-rl_caption=\"\"><img decoding=\"async\" width=\"242\" height=\"300\" src=\"https:\/\/ruhipalace.com.tr\/wp-content\/uploads\/2025\/10\/amasra-ruhi-palas-yazarlarin-ilham-adresi-d2424448-7946-419f-b247-b59371c4e455-242x300.jpg\" class=\"attachment-medium size-medium\" alt=\"\" srcset=\"https:\/\/ruhipalace.com.tr\/wp-content\/uploads\/2025\/10\/amasra-ruhi-palas-yazarlarin-ilham-adresi-d2424448-7946-419f-b247-b59371c4e455-10x12.jpg 10w, https:\/\/ruhipalace.com.tr\/wp-content\/uploads\/2025\/10\/amasra-ruhi-palas-yazarlarin-ilham-adresi-d2424448-7946-419f-b247-b59371c4e455-242x300.jpg 242w, https:\/\/ruhipalace.com.tr\/wp-content\/uploads\/2025\/10\/amasra-ruhi-palas-yazarlarin-ilham-adresi-d2424448-7946-419f-b247-b59371c4e455-768x951.jpg 768w, https:\/\/ruhipalace.com.tr\/wp-content\/uploads\/2025\/10\/amasra-ruhi-palas-yazarlarin-ilham-adresi-d2424448-7946-419f-b247-b59371c4e455-827x1024.jpg 827w, https:\/\/ruhipalace.com.tr\/wp-content\/uploads\/2025\/10\/amasra-ruhi-palas-yazarlarin-ilham-adresi-d2424448-7946-419f-b247-b59371c4e455.jpg 1084w\" sizes=\"(max-width: 242px) 100vw, 242px\" \/><\/a>\n\t\t\t<\/dt><\/dl><dl class='gallery-item'>\n\t\t\t<dt class='gallery-icon portrait'>\n\t\t\t\t<a data-rel=\"lightbox-gallery-1\" data-title=\"amasra-ruhi-palas-yazarlarin-ilham-adresi-93b252b0-3eef-40c8-80c7-511ea16d4be9\" data-caption=\"\" href='https:\/\/ruhipalace.com.tr\/wp-content\/uploads\/2025\/10\/amasra-ruhi-palas-yazarlarin-ilham-adresi-93b252b0-3eef-40c8-80c7-511ea16d4be9.jpg' title=\"\" data-rl_title=\"\" class=\"rl-gallery-link\" data-rl_caption=\"\"><img decoding=\"async\" width=\"169\" height=\"300\" src=\"https:\/\/ruhipalace.com.tr\/wp-content\/uploads\/2025\/10\/amasra-ruhi-palas-yazarlarin-ilham-adresi-93b252b0-3eef-40c8-80c7-511ea16d4be9-169x300.jpg\" class=\"attachment-medium size-medium\" alt=\"\" srcset=\"https:\/\/ruhipalace.com.tr\/wp-content\/uploads\/2025\/10\/amasra-ruhi-palas-yazarlarin-ilham-adresi-93b252b0-3eef-40c8-80c7-511ea16d4be9-7x12.jpg 7w, https:\/\/ruhipalace.com.tr\/wp-content\/uploads\/2025\/10\/amasra-ruhi-palas-yazarlarin-ilham-adresi-93b252b0-3eef-40c8-80c7-511ea16d4be9-169x300.jpg 169w, https:\/\/ruhipalace.com.tr\/wp-content\/uploads\/2025\/10\/amasra-ruhi-palas-yazarlarin-ilham-adresi-93b252b0-3eef-40c8-80c7-511ea16d4be9-576x1024.jpg 576w, https:\/\/ruhipalace.com.tr\/wp-content\/uploads\/2025\/10\/amasra-ruhi-palas-yazarlarin-ilham-adresi-93b252b0-3eef-40c8-80c7-511ea16d4be9-768x1365.jpg 768w, https:\/\/ruhipalace.com.tr\/wp-content\/uploads\/2025\/10\/amasra-ruhi-palas-yazarlarin-ilham-adresi-93b252b0-3eef-40c8-80c7-511ea16d4be9-864x1536.jpg 864w, https:\/\/ruhipalace.com.tr\/wp-content\/uploads\/2025\/10\/amasra-ruhi-palas-yazarlarin-ilham-adresi-93b252b0-3eef-40c8-80c7-511ea16d4be9.jpg 900w\" sizes=\"(max-width: 169px) 100vw, 169px\" \/><\/a>\n\t\t\t<\/dt><\/dl><br style=\"clear: both\" \/>\n\t\t<\/div>\n\n<p data-start=\"63\" data-end=\"458\">\n<p data-start=\"460\" data-end=\"557\">Eda Ard\u0131\u00e7lar, bu \u00f6zel deneyiminden ald\u0131\u011f\u0131 ilhamla kaleme ald\u0131\u011f\u0131 iki kitab\u0131n\u0131 bize arma\u011fan etti:<\/p>\n<ul data-start=\"558\" data-end=\"624\">\n<li data-start=\"558\" data-end=\"590\">\n<p data-start=\"560\" data-end=\"590\"><strong data-start=\"560\" data-end=\"588\">\u201cG\u00fclriz\u2019in Tatil Sayac\u0131\u201d<\/strong><\/p>\n<\/li>\n<li data-start=\"591\" data-end=\"624\">\n<p data-start=\"593\" data-end=\"624\"><strong data-start=\"593\" data-end=\"622\">\u201cG\u00fclriz ve Denizdeki S\u0131r\u201d<\/strong><\/p>\n<\/li>\n<\/ul>\n<p data-start=\"626\" data-end=\"697\">Art\u0131k bu kitaplara, Ruhi Palas\u2019\u0131n huzurlu odalar\u0131nda ula\u015fabilirsiniz.<\/p>\n<hr data-start=\"699\" data-end=\"702\" \/>\n<h3 data-start=\"704\" data-end=\"743\">Ruhi Palas\u2019ta Edebiyatla Bulu\u015fmak<\/h3>\n<p data-start=\"745\" data-end=\"1082\">Ruhi Palas\u2019\u0131n ta\u015f duvarlar\u0131 aras\u0131nda yaln\u0131zca tatil an\u0131lar\u0131 birikmiyor; ayn\u0131 zamanda hayaller, sat\u0131rlara d\u00f6n\u00fc\u015f\u00fcyor. Bir yazar\u0131n kelimelerine ilham olmak, bizim i\u00e7in b\u00fcy\u00fck bir mutluluk. Misafirlerimiz, burada ge\u00e7irdikleri anlar\u0131n yaln\u0131zca bir tatil deneyimi de\u011fil, ayn\u0131 zamanda ruhlar\u0131n\u0131 besleyen bir yolculuk oldu\u011funun fark\u0131na var\u0131yor.<\/p>\n<p data-start=\"1084\" data-end=\"1382\">Eda Han\u0131m\u2019\u0131n kaleminden \u00e7\u0131kan bu hik\u00e2yeler, Ruhi Palas\u2019\u0131n sessiz ilham\u0131n\u0131 sayfalar\u0131na ta\u015f\u0131rken, siz de burada kald\u0131\u011f\u0131n\u0131zda ayn\u0131 atmosferi hissetme \u015fans\u0131na sahip oluyorsunuz. Belki siz de bir g\u00fcn, manzaraya kar\u015f\u0131 kahvenizi yudumlarken yeni bir hayalin pe\u015finden ko\u015far, ilham\u0131n\u0131z\u0131 yaz\u0131ya d\u00f6kersiniz.<\/p>\n<hr data-start=\"1384\" data-end=\"1387\" \/>\n<h3 data-start=\"1389\" data-end=\"1410\">Kitaplar\u0131n Ruhu<\/h3>\n<p data-start=\"1412\" data-end=\"1622\"><strong data-start=\"1412\" data-end=\"1440\">\u201cG\u00fclriz\u2019in Tatil Sayac\u0131\u201d<\/strong>, g\u00fcnl\u00fck hayat\u0131n tela\u015f\u0131ndan uzakla\u015f\u0131p tatilin keyfini bekleyen bir ruhun hik\u00e2yesini anlat\u0131yor. Tatil beklentisinin \u00e7ocuk\u00e7a heyecan\u0131, okuyucuya s\u0131cak ve samimi bir yolculuk sunuyor.<\/p>\n<p data-start=\"1624\" data-end=\"1785\"><strong data-start=\"1624\" data-end=\"1653\">\u201cG\u00fclriz ve Denizdeki S\u0131r\u201d<\/strong> ise dalgalar\u0131n ard\u0131nda sakl\u0131 bir hik\u00e2yeyi g\u00f6zler \u00f6n\u00fcne seriyor. Gizem, merak ve denizin b\u00fcy\u00fcleyici cazibesi bu romanda bulu\u015fuyor.<\/p>\n<hr data-start=\"1787\" data-end=\"1790\" \/>\n<h3 data-start=\"1792\" data-end=\"1813\">Siz de Ke\u015ffedin<\/h3>\n<p data-start=\"1815\" data-end=\"2062\">Ruhi Palas\u2019ta kald\u0131\u011f\u0131n\u0131zda, yaln\u0131zca manzaraya ve huzura de\u011fil, ayn\u0131 zamanda ilhamla yo\u011frulmu\u015f bu kitaplara da ula\u015fabilirsiniz. Belki okurken kendi hik\u00e2yenizi bulacak, belki de sat\u0131r aralar\u0131nda Ruhi Palas\u2019\u0131n gizli dokunu\u015flar\u0131n\u0131 fark edeceksiniz.<\/p>\n<p data-start=\"2064\" data-end=\"2126\">\ud83d\udcd6 <strong data-start=\"2067\" data-end=\"2124\">Kitaplar\u0131n adresi art\u0131k belli: Ruhi Palas\u2019\u0131n raflar\u0131.<\/strong><\/p>","protected":false},"excerpt":{"rendered":"<p>Ruhi Palas, yaln\u0131zca manzaras\u0131yla de\u011fil, ayn\u0131 zamanda misafirlerine verdi\u011fi huzurla  [&#8230;]<\/p>\n","protected":false},"author":1,"featured_media":750,"parent":0,"menu_order":0,"comment_status":"closed","ping_status":"closed","template":"","meta":{"_themeisle_gutenberg_block_has_review":false,"footnotes":""},"class_list":["post-747","page","type-page","status-publish","has-post-thumbnail","hentry"],"aioseo_notices":[],"yoast_head":"<!-- This site is optimized with the Yoast SEO plugin v27.5 - https:\/\/yoast.com\/product\/yoast-seo-wordpress\/ -->\n<title>Bir Yazar\u0131n Tatil Defteri: Ruhi Palas\u2019\u0131n Kitaplara Yolculu\u011fu - Ruhi Palace | Amasra<\/title>\n<meta name=\"robots\" content=\"index, follow, max-snippet:-1, max-image-preview:large, max-video-preview:-1\" \/>\n<link rel=\"canonical\" href=\"https:\/\/ruhipalace.com.tr\/tr\/bir-yazarin-tatil-defteri-ruhi-palasin-kitaplara-yolculugu\/\" \/>\n<meta property=\"og:locale\" content=\"tr_TR\" \/>\n<meta property=\"og:type\" content=\"article\" \/>\n<meta property=\"og:title\" content=\"Bir Yazar\u0131n Tatil Defteri: Ruhi Palas\u2019\u0131n Kitaplara Yolculu\u011fu - Ruhi Palace | Amasra\" \/>\n<meta property=\"og:description\" content=\"Ruhi Palas, yaln\u0131zca manzaras\u0131yla de\u011fil, ayn\u0131 zamanda misafirlerine verdi\u011fi huzurla [...]\" \/>\n<meta property=\"og:url\" content=\"https:\/\/ruhipalace.com.tr\/tr\/bir-yazarin-tatil-defteri-ruhi-palasin-kitaplara-yolculugu\/\" \/>\n<meta property=\"og:site_name\" content=\"Ruhi Palace | Amasra\" \/>\n<meta property=\"article:modified_time\" content=\"2025-10-02T18:49:41+00:00\" \/>\n<meta property=\"og:image\" content=\"https:\/\/ruhipalace.com.tr\/wp-content\/uploads\/2025\/10\/amasra-ruhi-palas-yazarlarin-ilham-adresi-64e5aebe-150d-4581-b616-d1ff2285b44a.jpg\" \/>\n\t<meta property=\"og:image:width\" content=\"1600\" \/>\n\t<meta property=\"og:image:height\" content=\"1204\" \/>\n\t<meta property=\"og:image:type\" content=\"image\/jpeg\" \/>\n<meta name=\"twitter:card\" content=\"summary_large_image\" \/>\n<meta name=\"twitter:label1\" content=\"Est. reading time\" \/>\n\t<meta name=\"twitter:data1\" content=\"2 minutes\" \/>\n<script type=\"application\/ld+json\" class=\"yoast-schema-graph\">{\"@context\":\"https:\\\/\\\/schema.org\",\"@graph\":[{\"@type\":\"WebPage\",\"@id\":\"https:\\\/\\\/ruhipalace.com.tr\\\/bir-yazarin-tatil-defteri-ruhi-palasin-kitaplara-yolculugu\\\/\",\"url\":\"https:\\\/\\\/ruhipalace.com.tr\\\/bir-yazarin-tatil-defteri-ruhi-palasin-kitaplara-yolculugu\\\/\",\"name\":\"Bir Yazar\u0131n Tatil Defteri: Ruhi Palas\u2019\u0131n Kitaplara Yolculu\u011fu - Ruhi Palace | Amasra\",\"isPartOf\":{\"@id\":\"https:\\\/\\\/ruhipalace.com.tr\\\/#website\"},\"primaryImageOfPage\":{\"@id\":\"https:\\\/\\\/ruhipalace.com.tr\\\/bir-yazarin-tatil-defteri-ruhi-palasin-kitaplara-yolculugu\\\/#primaryimage\"},\"image\":{\"@id\":\"https:\\\/\\\/ruhipalace.com.tr\\\/bir-yazarin-tatil-defteri-ruhi-palasin-kitaplara-yolculugu\\\/#primaryimage\"},\"thumbnailUrl\":\"https:\\\/\\\/ruhipalace.com.tr\\\/wp-content\\\/uploads\\\/2025\\\/10\\\/amasra-ruhi-palas-yazarlarin-ilham-adresi-64e5aebe-150d-4581-b616-d1ff2285b44a.jpg\",\"datePublished\":\"2025-10-02T18:48:59+00:00\",\"dateModified\":\"2025-10-02T18:49:41+00:00\",\"breadcrumb\":{\"@id\":\"https:\\\/\\\/ruhipalace.com.tr\\\/bir-yazarin-tatil-defteri-ruhi-palasin-kitaplara-yolculugu\\\/#breadcrumb\"},\"inLanguage\":\"tr-TR\",\"potentialAction\":[{\"@type\":\"ReadAction\",\"target\":[\"https:\\\/\\\/ruhipalace.com.tr\\\/bir-yazarin-tatil-defteri-ruhi-palasin-kitaplara-yolculugu\\\/\"]}]},{\"@type\":\"ImageObject\",\"inLanguage\":\"tr-TR\",\"@id\":\"https:\\\/\\\/ruhipalace.com.tr\\\/bir-yazarin-tatil-defteri-ruhi-palasin-kitaplara-yolculugu\\\/#primaryimage\",\"url\":\"https:\\\/\\\/ruhipalace.com.tr\\\/wp-content\\\/uploads\\\/2025\\\/10\\\/amasra-ruhi-palas-yazarlarin-ilham-adresi-64e5aebe-150d-4581-b616-d1ff2285b44a.jpg\",\"contentUrl\":\"https:\\\/\\\/ruhipalace.com.tr\\\/wp-content\\\/uploads\\\/2025\\\/10\\\/amasra-ruhi-palas-yazarlarin-ilham-adresi-64e5aebe-150d-4581-b616-d1ff2285b44a.jpg\",\"width\":1600,\"height\":1204},{\"@type\":\"BreadcrumbList\",\"@id\":\"https:\\\/\\\/ruhipalace.com.tr\\\/bir-yazarin-tatil-defteri-ruhi-palasin-kitaplara-yolculugu\\\/#breadcrumb\",\"itemListElement\":[{\"@type\":\"ListItem\",\"position\":1,\"name\":\"Home\",\"item\":\"https:\\\/\\\/ruhipalace.com.tr\\\/\"},{\"@type\":\"ListItem\",\"position\":2,\"name\":\"Bir Yazar\u0131n Tatil Defteri: Ruhi Palas\u2019\u0131n Kitaplara Yolculu\u011fu\"}]},{\"@type\":\"WebSite\",\"@id\":\"https:\\\/\\\/ruhipalace.com.tr\\\/#website\",\"url\":\"https:\\\/\\\/ruhipalace.com.tr\\\/\",\"name\":\"Ruhi Palace | Amasra\",\"description\":\"Amasra&#039;s Best Rental Apartment, Stunning Historical View\",\"publisher\":{\"@id\":\"https:\\\/\\\/ruhipalace.com.tr\\\/#organization\"},\"potentialAction\":[{\"@type\":\"SearchAction\",\"target\":{\"@type\":\"EntryPoint\",\"urlTemplate\":\"https:\\\/\\\/ruhipalace.com.tr\\\/?s={search_term_string}\"},\"query-input\":{\"@type\":\"PropertyValueSpecification\",\"valueRequired\":true,\"valueName\":\"search_term_string\"}}],\"inLanguage\":\"tr-TR\"},{\"@type\":\"Organization\",\"@id\":\"https:\\\/\\\/ruhipalace.com.tr\\\/#organization\",\"name\":\"Ruhi Palace | Amasra\",\"url\":\"https:\\\/\\\/ruhipalace.com.tr\\\/\",\"logo\":{\"@type\":\"ImageObject\",\"inLanguage\":\"tr-TR\",\"@id\":\"https:\\\/\\\/ruhipalace.com.tr\\\/#\\\/schema\\\/logo\\\/image\\\/\",\"url\":\"https:\\\/\\\/ruhipalace.com.tr\\\/wp-content\\\/uploads\\\/2022\\\/10\\\/cropped-cropped-ruhipalace-logo-amasra.png\",\"contentUrl\":\"https:\\\/\\\/ruhipalace.com.tr\\\/wp-content\\\/uploads\\\/2022\\\/10\\\/cropped-cropped-ruhipalace-logo-amasra.png\",\"width\":200,\"height\":50,\"caption\":\"Ruhi Palace | Amasra\"},\"image\":{\"@id\":\"https:\\\/\\\/ruhipalace.com.tr\\\/#\\\/schema\\\/logo\\\/image\\\/\"}}]}<\/script>\n<!-- \/ Yoast SEO plugin. -->","yoast_head_json":{"title":"Bir Yazar\u0131n Tatil Defteri: Ruhi Palas\u2019\u0131n Kitaplara Yolculu\u011fu - Ruhi Palace | Amasra","robots":{"index":"index","follow":"follow","max-snippet":"max-snippet:-1","max-image-preview":"max-image-preview:large","max-video-preview":"max-video-preview:-1"},"canonical":"https:\/\/ruhipalace.com.tr\/tr\/bir-yazarin-tatil-defteri-ruhi-palasin-kitaplara-yolculugu\/","og_locale":"tr_TR","og_type":"article","og_title":"Bir Yazar\u0131n Tatil Defteri: Ruhi Palas\u2019\u0131n Kitaplara Yolculu\u011fu - Ruhi Palace | Amasra","og_description":"Ruhi Palas, yaln\u0131zca manzaras\u0131yla de\u011fil, ayn\u0131 zamanda misafirlerine verdi\u011fi huzurla [...]","og_url":"https:\/\/ruhipalace.com.tr\/tr\/bir-yazarin-tatil-defteri-ruhi-palasin-kitaplara-yolculugu\/","og_site_name":"Ruhi Palace | Amasra","article_modified_time":"2025-10-02T18:49:41+00:00","og_image":[{"width":1600,"height":1204,"url":"https:\/\/ruhipalace.com.tr\/wp-content\/uploads\/2025\/10\/amasra-ruhi-palas-yazarlarin-ilham-adresi-64e5aebe-150d-4581-b616-d1ff2285b44a.jpg","type":"image\/jpeg"}],"twitter_card":"summary_large_image","twitter_misc":{"Est. reading time":"2 minutes"},"schema":{"@context":"https:\/\/schema.org","@graph":[{"@type":"WebPage","@id":"https:\/\/ruhipalace.com.tr\/bir-yazarin-tatil-defteri-ruhi-palasin-kitaplara-yolculugu\/","url":"https:\/\/ruhipalace.com.tr\/bir-yazarin-tatil-defteri-ruhi-palasin-kitaplara-yolculugu\/","name":"Bir Yazar\u0131n Tatil Defteri: Ruhi Palas\u2019\u0131n Kitaplara Yolculu\u011fu - Ruhi Palace | Amasra","isPartOf":{"@id":"https:\/\/ruhipalace.com.tr\/#website"},"primaryImageOfPage":{"@id":"https:\/\/ruhipalace.com.tr\/bir-yazarin-tatil-defteri-ruhi-palasin-kitaplara-yolculugu\/#primaryimage"},"image":{"@id":"https:\/\/ruhipalace.com.tr\/bir-yazarin-tatil-defteri-ruhi-palasin-kitaplara-yolculugu\/#primaryimage"},"thumbnailUrl":"https:\/\/ruhipalace.com.tr\/wp-content\/uploads\/2025\/10\/amasra-ruhi-palas-yazarlarin-ilham-adresi-64e5aebe-150d-4581-b616-d1ff2285b44a.jpg","datePublished":"2025-10-02T18:48:59+00:00","dateModified":"2025-10-02T18:49:41+00:00","breadcrumb":{"@id":"https:\/\/ruhipalace.com.tr\/bir-yazarin-tatil-defteri-ruhi-palasin-kitaplara-yolculugu\/#breadcrumb"},"inLanguage":"tr-TR","potentialAction":[{"@type":"ReadAction","target":["https:\/\/ruhipalace.com.tr\/bir-yazarin-tatil-defteri-ruhi-palasin-kitaplara-yolculugu\/"]}]},{"@type":"ImageObject","inLanguage":"tr-TR","@id":"https:\/\/ruhipalace.com.tr\/bir-yazarin-tatil-defteri-ruhi-palasin-kitaplara-yolculugu\/#primaryimage","url":"https:\/\/ruhipalace.com.tr\/wp-content\/uploads\/2025\/10\/amasra-ruhi-palas-yazarlarin-ilham-adresi-64e5aebe-150d-4581-b616-d1ff2285b44a.jpg","contentUrl":"https:\/\/ruhipalace.com.tr\/wp-content\/uploads\/2025\/10\/amasra-ruhi-palas-yazarlarin-ilham-adresi-64e5aebe-150d-4581-b616-d1ff2285b44a.jpg","width":1600,"height":1204},{"@type":"BreadcrumbList","@id":"https:\/\/ruhipalace.com.tr\/bir-yazarin-tatil-defteri-ruhi-palasin-kitaplara-yolculugu\/#breadcrumb","itemListElement":[{"@type":"ListItem","position":1,"name":"Home","item":"https:\/\/ruhipalace.com.tr\/"},{"@type":"ListItem","position":2,"name":"Bir Yazar\u0131n Tatil Defteri: Ruhi Palas\u2019\u0131n Kitaplara Yolculu\u011fu"}]},{"@type":"WebSite","@id":"https:\/\/ruhipalace.com.tr\/#website","url":"https:\/\/ruhipalace.com.tr\/","name":"Ruhi Saray\u0131 | amasra","description":"Amasra&#039;\u0131n En \u0130yi Kiral\u0131k Daire, Muhte\u015fem Tarih Manzaras\u0131","publisher":{"@id":"https:\/\/ruhipalace.com.tr\/#organization"},"potentialAction":[{"@type":"SearchAction","target":{"@type":"EntryPoint","urlTemplate":"https:\/\/ruhipalace.com.tr\/?s={search_term_string}"},"query-input":{"@type":"PropertyValueSpecification","valueRequired":true,"valueName":"search_term_string"}}],"inLanguage":"tr-TR"},{"@type":"Organization","@id":"https:\/\/ruhipalace.com.tr\/#organization","name":"Ruhi Saray\u0131 | amasra","url":"https:\/\/ruhipalace.com.tr\/","logo":{"@type":"ImageObject","inLanguage":"tr-TR","@id":"https:\/\/ruhipalace.com.tr\/#\/schema\/logo\/image\/","url":"https:\/\/ruhipalace.com.tr\/wp-content\/uploads\/2022\/10\/cropped-cropped-ruhipalace-logo-amasra.png","contentUrl":"https:\/\/ruhipalace.com.tr\/wp-content\/uploads\/2022\/10\/cropped-cropped-ruhipalace-logo-amasra.png","width":200,"height":50,"caption":"Ruhi Palace | Amasra"},"image":{"@id":"https:\/\/ruhipalace.com.tr\/#\/schema\/logo\/image\/"}}]}},"_links":{"self":[{"href":"https:\/\/ruhipalace.com.tr\/tr\/wp-json\/wp\/v2\/pages\/747","targetHints":{"allow":["GET"]}}],"collection":[{"href":"https:\/\/ruhipalace.com.tr\/tr\/wp-json\/wp\/v2\/pages"}],"about":[{"href":"https:\/\/ruhipalace.com.tr\/tr\/wp-json\/wp\/v2\/types\/page"}],"author":[{"embeddable":true,"href":"https:\/\/ruhipalace.com.tr\/tr\/wp-json\/wp\/v2\/users\/1"}],"replies":[{"embeddable":true,"href":"https:\/\/ruhipalace.com.tr\/tr\/wp-json\/wp\/v2\/comments?post=747"}],"version-history":[{"count":2,"href":"https:\/\/ruhipalace.com.tr\/tr\/wp-json\/wp\/v2\/pages\/747\/revisions"}],"predecessor-version":[{"id":752,"href":"https:\/\/ruhipalace.com.tr\/tr\/wp-json\/wp\/v2\/pages\/747\/revisions\/752"}],"wp:featuredmedia":[{"embeddable":true,"href":"https:\/\/ruhipalace.com.tr\/tr\/wp-json\/wp\/v2\/media\/750"}],"wp:attachment":[{"href":"https:\/\/ruhipalace.com.tr\/tr\/wp-json\/wp\/v2\/media?parent=747"}],"curies":[{"name":"wp","href":"https:\/\/api.w.org\/{rel}","templated":true}]}}