{"id":737,"date":"2025-07-08T09:34:36","date_gmt":"2025-07-08T09:34:36","guid":{"rendered":"https:\/\/ruhipalace.com.tr\/?page_id=737"},"modified":"2025-07-08T09:37:29","modified_gmt":"2025-07-08T09:37:29","slug":"rezervasyon","status":"publish","type":"page","link":"https:\/\/ruhipalace.com.tr\/tr\/rezervasyon\/","title":{"rendered":"Rezervasyon"},"content":{"rendered":"<p><iframe \n  src=\"https:\/\/ruhi-palace.hotelrunner.com\/bv3\/search\" \n  width=\"100%\" \n  height=\"600\" \n  frameborder=\"0\" \n  style=\"border: none;\"><br \/>\n<\/iframe><\/p>","protected":false},"excerpt":{"rendered":"","protected":false},"author":1,"featured_media":0,"parent":0,"menu_order":0,"comment_status":"closed","ping_status":"closed","template":"elementor_header_footer","meta":{"_themeisle_gutenberg_block_has_review":false,"footnotes":""},"class_list":["post-737","page","type-page","status-publish","hentry"],"aioseo_notices":[],"yoast_head":"<!-- This site is optimized with the Yoast SEO plugin v27.4 - https:\/\/yoast.com\/product\/yoast-seo-wordpress\/ -->\n<title>Rezervasyon - Ruhi Palace | Amasra<\/title>\n<meta name=\"robots\" content=\"index, follow, max-snippet:-1, max-image-preview:large, max-video-preview:-1\" \/>\n<link rel=\"canonical\" href=\"https:\/\/ruhipalace.com.tr\/tr\/rezervasyon\/\" \/>\n<meta property=\"og:locale\" content=\"tr_TR\" \/>\n<meta property=\"og:type\" content=\"article\" \/>\n<meta property=\"og:title\" content=\"Rezervasyon - Ruhi Palace | Amasra\" \/>\n<meta property=\"og:url\" content=\"https:\/\/ruhipalace.com.tr\/tr\/rezervasyon\/\" \/>\n<meta property=\"og:site_name\" content=\"Ruhi Palace | Amasra\" \/>\n<meta property=\"article:modified_time\" content=\"2025-07-08T09:37:29+00:00\" \/>\n<meta name=\"twitter:card\" content=\"summary_large_image\" \/>\n<script type=\"application\/ld+json\" class=\"yoast-schema-graph\">{\"@context\":\"https:\\\/\\\/schema.org\",\"@graph\":[{\"@type\":\"WebPage\",\"@id\":\"https:\\\/\\\/ruhipalace.com.tr\\\/rezervasyon\\\/\",\"url\":\"https:\\\/\\\/ruhipalace.com.tr\\\/rezervasyon\\\/\",\"name\":\"Rezervasyon - Ruhi Palace | Amasra\",\"isPartOf\":{\"@id\":\"https:\\\/\\\/ruhipalace.com.tr\\\/#website\"},\"datePublished\":\"2025-07-08T09:34:36+00:00\",\"dateModified\":\"2025-07-08T09:37:29+00:00\",\"breadcrumb\":{\"@id\":\"https:\\\/\\\/ruhipalace.com.tr\\\/rezervasyon\\\/#breadcrumb\"},\"inLanguage\":\"tr-TR\",\"potentialAction\":[{\"@type\":\"ReadAction\",\"target\":[\"https:\\\/\\\/ruhipalace.com.tr\\\/rezervasyon\\\/\"]}]},{\"@type\":\"BreadcrumbList\",\"@id\":\"https:\\\/\\\/ruhipalace.com.tr\\\/rezervasyon\\\/#breadcrumb\",\"itemListElement\":[{\"@type\":\"ListItem\",\"position\":1,\"name\":\"Home\",\"item\":\"https:\\\/\\\/ruhipalace.com.tr\\\/\"},{\"@type\":\"ListItem\",\"position\":2,\"name\":\"Rezervasyon\"}]},{\"@type\":\"WebSite\",\"@id\":\"https:\\\/\\\/ruhipalace.com.tr\\\/#website\",\"url\":\"https:\\\/\\\/ruhipalace.com.tr\\\/\",\"name\":\"Ruhi Palace | Amasra\",\"description\":\"Amasra&#039;s Best Rental Apartment, Stunning Historical View\",\"publisher\":{\"@id\":\"https:\\\/\\\/ruhipalace.com.tr\\\/#organization\"},\"potentialAction\":[{\"@type\":\"SearchAction\",\"target\":{\"@type\":\"EntryPoint\",\"urlTemplate\":\"https:\\\/\\\/ruhipalace.com.tr\\\/?s={search_term_string}\"},\"query-input\":{\"@type\":\"PropertyValueSpecification\",\"valueRequired\":true,\"valueName\":\"search_term_string\"}}],\"inLanguage\":\"tr-TR\"},{\"@type\":\"Organization\",\"@id\":\"https:\\\/\\\/ruhipalace.com.tr\\\/#organization\",\"name\":\"Ruhi Palace | Amasra\",\"url\":\"https:\\\/\\\/ruhipalace.com.tr\\\/\",\"logo\":{\"@type\":\"ImageObject\",\"inLanguage\":\"tr-TR\",\"@id\":\"https:\\\/\\\/ruhipalace.com.tr\\\/#\\\/schema\\\/logo\\\/image\\\/\",\"url\":\"https:\\\/\\\/ruhipalace.com.tr\\\/wp-content\\\/uploads\\\/2022\\\/10\\\/cropped-cropped-ruhipalace-logo-amasra.png\",\"contentUrl\":\"https:\\\/\\\/ruhipalace.com.tr\\\/wp-content\\\/uploads\\\/2022\\\/10\\\/cropped-cropped-ruhipalace-logo-amasra.png\",\"width\":200,\"height\":50,\"caption\":\"Ruhi Palace | Amasra\"},\"image\":{\"@id\":\"https:\\\/\\\/ruhipalace.com.tr\\\/#\\\/schema\\\/logo\\\/image\\\/\"}}]}<\/script>\n<!-- \/ Yoast SEO plugin. -->","yoast_head_json":{"title":"Rezervasyon - Ruhi Palace | Amasra","robots":{"index":"index","follow":"follow","max-snippet":"max-snippet:-1","max-image-preview":"max-image-preview:large","max-video-preview":"max-video-preview:-1"},"canonical":"https:\/\/ruhipalace.com.tr\/tr\/rezervasyon\/","og_locale":"tr_TR","og_type":"article","og_title":"Rezervasyon - Ruhi Palace | Amasra","og_url":"https:\/\/ruhipalace.com.tr\/tr\/rezervasyon\/","og_site_name":"Ruhi Palace | Amasra","article_modified_time":"2025-07-08T09:37:29+00:00","twitter_card":"summary_large_image","schema":{"@context":"https:\/\/schema.org","@graph":[{"@type":"WebPage","@id":"https:\/\/ruhipalace.com.tr\/rezervasyon\/","url":"https:\/\/ruhipalace.com.tr\/rezervasyon\/","name":"Rezervasyon - Ruhi Palace | Amasra","isPartOf":{"@id":"https:\/\/ruhipalace.com.tr\/#website"},"datePublished":"2025-07-08T09:34:36+00:00","dateModified":"2025-07-08T09:37:29+00:00","breadcrumb":{"@id":"https:\/\/ruhipalace.com.tr\/rezervasyon\/#breadcrumb"},"inLanguage":"tr-TR","potentialAction":[{"@type":"ReadAction","target":["https:\/\/ruhipalace.com.tr\/rezervasyon\/"]}]},{"@type":"BreadcrumbList","@id":"https:\/\/ruhipalace.com.tr\/rezervasyon\/#breadcrumb","itemListElement":[{"@type":"ListItem","position":1,"name":"Home","item":"https:\/\/ruhipalace.com.tr\/"},{"@type":"ListItem","position":2,"name":"Rezervasyon"}]},{"@type":"WebSite","@id":"https:\/\/ruhipalace.com.tr\/#website","url":"https:\/\/ruhipalace.com.tr\/","name":"Ruhi Saray\u0131 | amasra","description":"Amasra&#039;\u0131n En \u0130yi Kiral\u0131k Daire, Muhte\u015fem Tarih Manzaras\u0131","publisher":{"@id":"https:\/\/ruhipalace.com.tr\/#organization"},"potentialAction":[{"@type":"SearchAction","target":{"@type":"EntryPoint","urlTemplate":"https:\/\/ruhipalace.com.tr\/?s={search_term_string}"},"query-input":{"@type":"PropertyValueSpecification","valueRequired":true,"valueName":"search_term_string"}}],"inLanguage":"tr-TR"},{"@type":"Organization","@id":"https:\/\/ruhipalace.com.tr\/#organization","name":"Ruhi Saray\u0131 | amasra","url":"https:\/\/ruhipalace.com.tr\/","logo":{"@type":"ImageObject","inLanguage":"tr-TR","@id":"https:\/\/ruhipalace.com.tr\/#\/schema\/logo\/image\/","url":"https:\/\/ruhipalace.com.tr\/wp-content\/uploads\/2022\/10\/cropped-cropped-ruhipalace-logo-amasra.png","contentUrl":"https:\/\/ruhipalace.com.tr\/wp-content\/uploads\/2022\/10\/cropped-cropped-ruhipalace-logo-amasra.png","width":200,"height":50,"caption":"Ruhi Palace | Amasra"},"image":{"@id":"https:\/\/ruhipalace.com.tr\/#\/schema\/logo\/image\/"}}]}},"_links":{"self":[{"href":"https:\/\/ruhipalace.com.tr\/tr\/wp-json\/wp\/v2\/pages\/737","targetHints":{"allow":["GET"]}}],"collection":[{"href":"https:\/\/ruhipalace.com.tr\/tr\/wp-json\/wp\/v2\/pages"}],"about":[{"href":"https:\/\/ruhipalace.com.tr\/tr\/wp-json\/wp\/v2\/types\/page"}],"author":[{"embeddable":true,"href":"https:\/\/ruhipalace.com.tr\/tr\/wp-json\/wp\/v2\/users\/1"}],"replies":[{"embeddable":true,"href":"https:\/\/ruhipalace.com.tr\/tr\/wp-json\/wp\/v2\/comments?post=737"}],"version-history":[{"count":4,"href":"https:\/\/ruhipalace.com.tr\/tr\/wp-json\/wp\/v2\/pages\/737\/revisions"}],"predecessor-version":[{"id":741,"href":"https:\/\/ruhipalace.com.tr\/tr\/wp-json\/wp\/v2\/pages\/737\/revisions\/741"}],"wp:attachment":[{"href":"https:\/\/ruhipalace.com.tr\/tr\/wp-json\/wp\/v2\/media?parent=737"}],"curies":[{"name":"wp","href":"https:\/\/api.w.org\/{rel}","templated":true}]}}