{"id":604,"date":"2023-08-07T17:45:34","date_gmt":"2023-08-07T17:45:34","guid":{"rendered":"http:\/\/ruhipalace.com.tr\/?page_id=604"},"modified":"2023-08-07T17:47:03","modified_gmt":"2023-08-07T17:47:03","slug":"frequently-asked-questions","status":"publish","type":"page","link":"https:\/\/ruhipalace.com.tr\/tr\/frequently-asked-questions\/","title":{"rendered":"S\u0131k\u00e7a Sorulan Sorular"},"content":{"rendered":"<h2>Evcil hayvan kabul ediyor musunuz?<\/h2>\n<div class=\"container single-page-container\">\n<div class=\"row\">\n<div class=\"nv-single-page-wrap col\">\n<div class=\"nv-content-wrap entry-content\">\n<div class=\"wp-block-aioseo-faq\" data-schema-only=\"false\">\n<div class=\"aioseo-faq-block-answer\">\n<p>Maalesef hay\u0131r, evcil hayvanlar\u0131 seviyoruz ama<strong> \u00fcst\u00fcn temizlik politikam\u0131z<\/strong> Sonu\u00e7 olarak, onlar\u0131 otelimize kabul edemeyiz.<\/p>\n<\/div>\n<\/div>\n<div class=\"wp-block-aioseo-faq\" data-schema-only=\"false\">\n<h2 class=\"aioseo-faq-block-question\">Daireleriniz plaja &amp; denize yak\u0131n m\u0131?<\/h2>\n<div class=\"aioseo-faq-block-answer\">\n<p>Dairelerimiz ve odalar\u0131m\u0131z<strong> Denizden 5 metre ama suya atlamaya \u00e7al\u0131\u015fmay\u0131n<\/strong>. Y\u00f6re halk\u0131 ile tarihi y\u00fczme yerlerine en yak\u0131n yerle\u015fim yerindeyiz, Kemere ve direkli kaya 20-30 metre, Amasra plaj\u0131 350 metre civar\u0131ndad\u0131r.<\/p>\n<\/div>\n<\/div>\n<div class=\"wp-block-aioseo-faq\" data-schema-only=\"false\">\n<h2 class=\"aioseo-faq-block-question\">Otopark\u0131n\u0131z var m\u0131?<\/h2>\n<div class=\"aioseo-faq-block-answer\">\n<p>\u00d6zel bir i\u015fletme <strong>otopark\u0131m\u0131z yok, <\/strong>Ancak, yak\u0131nlarda belediye ve cadde otopark\u0131 bulunmaktad\u0131r. Kiralama ve yo\u011fun sezon (Haziran-Temmuz-A\u011fustos) d\u0131\u015f\u0131nda \u00fccretsiz park yeri bulman\u0131za yard\u0131mc\u0131 olabiliriz.<\/p>\n<\/div>\n<\/div>\n<div class=\"wp-block-aioseo-faq\" data-schema-only=\"false\">\n<h2 class=\"aioseo-faq-block-question\">\u0130ptal politikas\u0131 nedir?<\/h2>\n<div class=\"aioseo-faq-block-answer\">\n<p>Son 3 g\u00fcn i\u00e7inde yap\u0131lan iptallerde ceza uygulanmaz. Daha k\u0131sa s\u00fcreler i\u00e7in 1 g\u00fcn ceza uygulan\u0131r (her 7 g\u00fcn i\u00e7in bir g\u00fcn eklenir), \u00f6rne\u011fin 8 g\u00fcnl\u00fck konaklama i\u00e7in 2 gece ceza uygulan\u0131r.<\/p>\n<\/div>\n<\/div>\n<div class=\"wp-block-aioseo-faq\" data-schema-only=\"false\">\n<h2 class=\"aioseo-faq-block-question\">Online rezervasyon yapabilir miyim?<\/h2>\n<div class=\"aioseo-faq-block-answer\">\n<p>Evet, <a title=\"www.amasraadaapart.com\" href=\"https:\/\/www.amasraadaapart.com\/pages\/rooms-rates\" rel=\"nofollow\">www.amasraadaapart.com<\/a>i, do\u011frudan adresinden rezervasyon yapabilirsiniz.<\/p>\n<\/div>\n<\/div>\n<div class=\"wp-block-aioseo-faq\" data-schema-only=\"false\">\n<h2 class=\"aioseo-faq-block-question\">Check-in ve check-out saatleriniz nelerdir?<\/h2>\n<div class=\"aioseo-faq-block-answer\">\n<p>Otele giri\u015f saatimiz 14:00, \u00e7\u0131k\u0131\u015f saatimiz ise 11:00&#039;dir.<\/p>\n<\/div>\n<\/div>\n<div class=\"wp-block-aioseo-faq\" data-schema-only=\"false\">\n<h2 class=\"aioseo-faq-block-question\">\u0130stanbul, Ankara ve \u00c7aycuma Havalimanlar\u0131ndan servisiniz var m\u0131?<\/h2>\n<div class=\"aioseo-faq-block-answer\">\n<p>Havaalanlar\u0131ndan veya otogarlardan direkt servisimiz yoktur. E\u011fer istersen <a title=\"\" href=\"https:\/\/www.amasra.com.tr\/amasra-taksi-duragi-iletisim\/\" rel=\"nofollow\">Amasra Taksi <\/a>ile ileti\u015fime ge\u00e7ebilirsiniz<\/p>\n<\/div>\n<\/div>\n<div class=\"wp-block-aioseo-faq\" data-schema-only=\"false\">\n<h2 class=\"aioseo-faq-block-question\">Otel odas\u0131 hakk\u0131nda detayl\u0131 bilgiyi ve harita konumunu nerede bulabilirim?<\/h2>\n<div class=\"aioseo-faq-block-answer\">\n<p>Web sitemizde<a title=\"\" href=\"http:\/\/ruhipalace.com.tr\/tr\/apartman\/\"> Dairelerimiz &amp; Odalar\u0131m\u0131z<\/a> Detayl\u0131 bilgileri sayfam\u0131zda g\u00f6rebilirsiniz.<\/p>\n<\/div>\n<\/div>\n<div class=\"wp-block-aioseo-faq\" data-schema-only=\"false\">\n<h2 class=\"aioseo-faq-block-question\">Kahvalt\u0131 veya yemek hizmetiniz var m\u0131?<\/h2>\n<div class=\"aioseo-faq-block-answer\">\n<p>Hay\u0131r yok. Ama sipari\u015f verebilece\u011finiz restoranlar var! Ayr\u0131ca yemek pi\u015firmek ve e\u011flenmek i\u00e7in tam donan\u0131ml\u0131 bir mutfa\u011fa sahip olacaks\u0131n\u0131z.<\/p>\n<\/div>\n<\/div>\n<div class=\"wp-block-aioseo-faq\" data-schema-only=\"false\">\n<h2 class=\"aioseo-faq-block-question\">Rezervasyon onay\u0131 nas\u0131l al\u0131n\u0131r?<\/h2>\n<div class=\"aioseo-faq-block-answer\">\n<p>Online veya telefon numaralar\u0131m\u0131z \u00fczerinden rezervasyonunuzu yapt\u0131ktan sonra <strong>e-posta sisteminize onay maili (IBAN bilgileri) <\/strong>Gelecek. <strong>24 saat i\u00e7inde para yat\u0131rma <\/strong>Para yat\u0131rd\u0131\u011f\u0131n\u0131zda rezervasyonunuz onaylanacakt\u0131r.<\/p>\n<\/div>\n<\/div>\n<\/div>\n<\/div>\n<\/div>\n<\/div>\n<p>&nbsp;<\/p>","protected":false},"excerpt":{"rendered":"<p>Do you accept pets? Unfortunately no, we love pets but  [&#8230;]<\/p>\n","protected":false},"author":1,"featured_media":0,"parent":0,"menu_order":0,"comment_status":"closed","ping_status":"closed","template":"","meta":{"_themeisle_gutenberg_block_has_review":false,"footnotes":""},"class_list":["post-604","page","type-page","status-publish","hentry"],"aioseo_notices":[],"yoast_head":"<!-- This site is optimized with the Yoast SEO plugin v27.6 - https:\/\/yoast.com\/product\/yoast-seo-wordpress\/ -->\n<title>Frequently Asked Questions - Ruhi Palace | Amasra<\/title>\n<meta name=\"robots\" content=\"index, follow, max-snippet:-1, max-image-preview:large, max-video-preview:-1\" \/>\n<link rel=\"canonical\" href=\"https:\/\/ruhipalace.com.tr\/tr\/sikca-sorulan-sorular\/\" \/>\n<meta property=\"og:locale\" content=\"tr_TR\" \/>\n<meta property=\"og:type\" content=\"article\" \/>\n<meta property=\"og:title\" content=\"Frequently Asked Questions - Ruhi Palace | Amasra\" \/>\n<meta property=\"og:description\" content=\"Do you accept pets? Unfortunately no, we love pets but [...]\" \/>\n<meta property=\"og:url\" content=\"https:\/\/ruhipalace.com.tr\/tr\/sikca-sorulan-sorular\/\" \/>\n<meta property=\"og:site_name\" content=\"Ruhi Palace | Amasra\" \/>\n<meta property=\"article:modified_time\" content=\"2023-08-07T17:47:03+00:00\" \/>\n<meta name=\"twitter:card\" content=\"summary_large_image\" \/>\n<meta name=\"twitter:label1\" content=\"Est. reading time\" \/>\n\t<meta name=\"twitter:data1\" content=\"2 minutes\" \/>\n<script type=\"application\/ld+json\" class=\"yoast-schema-graph\">{\"@context\":\"https:\\\/\\\/schema.org\",\"@graph\":[{\"@type\":\"WebPage\",\"@id\":\"https:\\\/\\\/ruhipalace.com.tr\\\/frequently-asked-questions\\\/\",\"url\":\"https:\\\/\\\/ruhipalace.com.tr\\\/frequently-asked-questions\\\/\",\"name\":\"Frequently Asked Questions - Ruhi Palace | Amasra\",\"isPartOf\":{\"@id\":\"https:\\\/\\\/ruhipalace.com.tr\\\/#website\"},\"datePublished\":\"2023-08-07T17:45:34+00:00\",\"dateModified\":\"2023-08-07T17:47:03+00:00\",\"breadcrumb\":{\"@id\":\"https:\\\/\\\/ruhipalace.com.tr\\\/frequently-asked-questions\\\/#breadcrumb\"},\"inLanguage\":\"tr-TR\",\"potentialAction\":[{\"@type\":\"ReadAction\",\"target\":[\"https:\\\/\\\/ruhipalace.com.tr\\\/frequently-asked-questions\\\/\"]}]},{\"@type\":\"BreadcrumbList\",\"@id\":\"https:\\\/\\\/ruhipalace.com.tr\\\/frequently-asked-questions\\\/#breadcrumb\",\"itemListElement\":[{\"@type\":\"ListItem\",\"position\":1,\"name\":\"Home\",\"item\":\"https:\\\/\\\/ruhipalace.com.tr\\\/\"},{\"@type\":\"ListItem\",\"position\":2,\"name\":\"Frequently Asked Questions\"}]},{\"@type\":\"WebSite\",\"@id\":\"https:\\\/\\\/ruhipalace.com.tr\\\/#website\",\"url\":\"https:\\\/\\\/ruhipalace.com.tr\\\/\",\"name\":\"Ruhi Palace | Amasra\",\"description\":\"Amasra&#039;s Best Rental Apartment, Stunning Historical View\",\"publisher\":{\"@id\":\"https:\\\/\\\/ruhipalace.com.tr\\\/#organization\"},\"potentialAction\":[{\"@type\":\"SearchAction\",\"target\":{\"@type\":\"EntryPoint\",\"urlTemplate\":\"https:\\\/\\\/ruhipalace.com.tr\\\/?s={search_term_string}\"},\"query-input\":{\"@type\":\"PropertyValueSpecification\",\"valueRequired\":true,\"valueName\":\"search_term_string\"}}],\"inLanguage\":\"tr-TR\"},{\"@type\":\"Organization\",\"@id\":\"https:\\\/\\\/ruhipalace.com.tr\\\/#organization\",\"name\":\"Ruhi Palace | Amasra\",\"url\":\"https:\\\/\\\/ruhipalace.com.tr\\\/\",\"logo\":{\"@type\":\"ImageObject\",\"inLanguage\":\"tr-TR\",\"@id\":\"https:\\\/\\\/ruhipalace.com.tr\\\/#\\\/schema\\\/logo\\\/image\\\/\",\"url\":\"https:\\\/\\\/ruhipalace.com.tr\\\/wp-content\\\/uploads\\\/2022\\\/10\\\/cropped-cropped-ruhipalace-logo-amasra.png\",\"contentUrl\":\"https:\\\/\\\/ruhipalace.com.tr\\\/wp-content\\\/uploads\\\/2022\\\/10\\\/cropped-cropped-ruhipalace-logo-amasra.png\",\"width\":200,\"height\":50,\"caption\":\"Ruhi Palace | Amasra\"},\"image\":{\"@id\":\"https:\\\/\\\/ruhipalace.com.tr\\\/#\\\/schema\\\/logo\\\/image\\\/\"}}]}<\/script>\n<!-- \/ Yoast SEO plugin. -->","yoast_head_json":{"title":"S\u0131k\u00e7a Sorulan Sorular - Ruhi Saray\u0131 | amasra","robots":{"index":"index","follow":"follow","max-snippet":"max-snippet:-1","max-image-preview":"max-image-preview:large","max-video-preview":"max-video-preview:-1"},"canonical":"https:\/\/ruhipalace.com.tr\/tr\/sikca-sorulan-sorular\/","og_locale":"tr_TR","og_type":"article","og_title":"Frequently Asked Questions - Ruhi Palace | Amasra","og_description":"Do you accept pets? Unfortunately no, we love pets but [...]","og_url":"https:\/\/ruhipalace.com.tr\/tr\/sikca-sorulan-sorular\/","og_site_name":"Ruhi Palace | Amasra","article_modified_time":"2023-08-07T17:47:03+00:00","twitter_card":"summary_large_image","twitter_misc":{"Est. reading time":"2 minutes"},"schema":{"@context":"https:\/\/schema.org","@graph":[{"@type":"WebPage","@id":"https:\/\/ruhipalace.com.tr\/frequently-asked-questions\/","url":"https:\/\/ruhipalace.com.tr\/frequently-asked-questions\/","name":"S\u0131k\u00e7a Sorulan Sorular - Ruhi Saray\u0131 | amasra","isPartOf":{"@id":"https:\/\/ruhipalace.com.tr\/#website"},"datePublished":"2023-08-07T17:45:34+00:00","dateModified":"2023-08-07T17:47:03+00:00","breadcrumb":{"@id":"https:\/\/ruhipalace.com.tr\/frequently-asked-questions\/#breadcrumb"},"inLanguage":"tr-TR","potentialAction":[{"@type":"ReadAction","target":["https:\/\/ruhipalace.com.tr\/frequently-asked-questions\/"]}]},{"@type":"BreadcrumbList","@id":"https:\/\/ruhipalace.com.tr\/frequently-asked-questions\/#breadcrumb","itemListElement":[{"@type":"ListItem","position":1,"name":"Home","item":"https:\/\/ruhipalace.com.tr\/"},{"@type":"ListItem","position":2,"name":"Frequently Asked Questions"}]},{"@type":"WebSite","@id":"https:\/\/ruhipalace.com.tr\/#website","url":"https:\/\/ruhipalace.com.tr\/","name":"Ruhi Saray\u0131 | amasra","description":"Amasra&#039;\u0131n En \u0130yi Kiral\u0131k Daire, Muhte\u015fem Tarih Manzaras\u0131","publisher":{"@id":"https:\/\/ruhipalace.com.tr\/#organization"},"potentialAction":[{"@type":"SearchAction","target":{"@type":"EntryPoint","urlTemplate":"https:\/\/ruhipalace.com.tr\/?s={search_term_string}"},"query-input":{"@type":"PropertyValueSpecification","valueRequired":true,"valueName":"search_term_string"}}],"inLanguage":"tr-TR"},{"@type":"Organization","@id":"https:\/\/ruhipalace.com.tr\/#organization","name":"Ruhi Saray\u0131 | amasra","url":"https:\/\/ruhipalace.com.tr\/","logo":{"@type":"ImageObject","inLanguage":"tr-TR","@id":"https:\/\/ruhipalace.com.tr\/#\/schema\/logo\/image\/","url":"https:\/\/ruhipalace.com.tr\/wp-content\/uploads\/2022\/10\/cropped-cropped-ruhipalace-logo-amasra.png","contentUrl":"https:\/\/ruhipalace.com.tr\/wp-content\/uploads\/2022\/10\/cropped-cropped-ruhipalace-logo-amasra.png","width":200,"height":50,"caption":"Ruhi Palace | Amasra"},"image":{"@id":"https:\/\/ruhipalace.com.tr\/#\/schema\/logo\/image\/"}}]}},"_links":{"self":[{"href":"https:\/\/ruhipalace.com.tr\/tr\/wp-json\/wp\/v2\/pages\/604","targetHints":{"allow":["GET"]}}],"collection":[{"href":"https:\/\/ruhipalace.com.tr\/tr\/wp-json\/wp\/v2\/pages"}],"about":[{"href":"https:\/\/ruhipalace.com.tr\/tr\/wp-json\/wp\/v2\/types\/page"}],"author":[{"embeddable":true,"href":"https:\/\/ruhipalace.com.tr\/tr\/wp-json\/wp\/v2\/users\/1"}],"replies":[{"embeddable":true,"href":"https:\/\/ruhipalace.com.tr\/tr\/wp-json\/wp\/v2\/comments?post=604"}],"version-history":[{"count":2,"href":"https:\/\/ruhipalace.com.tr\/tr\/wp-json\/wp\/v2\/pages\/604\/revisions"}],"predecessor-version":[{"id":607,"href":"https:\/\/ruhipalace.com.tr\/tr\/wp-json\/wp\/v2\/pages\/604\/revisions\/607"}],"wp:attachment":[{"href":"https:\/\/ruhipalace.com.tr\/tr\/wp-json\/wp\/v2\/media?parent=604"}],"curies":[{"name":"wp","href":"https:\/\/api.w.org\/{rel}","templated":true}]}}