{"id":604,"date":"2023-08-07T17:45:34","date_gmt":"2023-08-07T17:45:34","guid":{"rendered":"http:\/\/ruhipalace.com.tr\/?page_id=604"},"modified":"2023-08-07T17:47:03","modified_gmt":"2023-08-07T17:47:03","slug":"frequently-asked-questions","status":"publish","type":"page","link":"https:\/\/ruhipalace.com.tr\/de\/frequently-asked-questions\/","title":{"rendered":"H\u00e4ufig gestellte Fragen"},"content":{"rendered":"<h2>Akzeptieren Sie Haustiere?<\/h2>\n<div class=\"container single-page-container\">\n<div class=\"row\">\n<div class=\"nv-single-page-wrap col\">\n<div class=\"nv-content-wrap entry-content\">\n<div class=\"wp-block-aioseo-faq\" data-schema-only=\"false\">\n<div class=\"aioseo-faq-block-answer\">\n<p>Leider nein, wir lieben Haustiere, aber<strong> Unsere erstklassigen Reinigungsrichtlinien<\/strong> Aus diesem Grund k\u00f6nnen wir diese in unserem Hotel nicht akzeptieren.<\/p>\n<\/div>\n<\/div>\n<div class=\"wp-block-aioseo-faq\" data-schema-only=\"false\">\n<h2 class=\"aioseo-faq-block-question\">Befinden sich Ihre Apartments in Strand- und Meeresn\u00e4he?<\/h2>\n<div class=\"aioseo-faq-block-answer\">\n<p>Unsere Appartements und Zimmer<strong> 5 Meter vom Meer entfernt, aber versuchen Sie nicht, ins Wasser zu springen<\/strong>. Wir befinden uns in der Siedlung, die den historischen Badeorten mit Einheimischen am n\u00e4chsten liegt, Kemere und D\u0130rekli kaya, 20-30 Meter entfernt, und der Strand von Amasra ist 350 Meter entfernt.<\/p>\n<\/div>\n<\/div>\n<div class=\"wp-block-aioseo-faq\" data-schema-only=\"false\">\n<h2 class=\"aioseo-faq-block-question\">Haben Sie Parkpl\u00e4tze?<\/h2>\n<div class=\"aioseo-faq-block-answer\">\n<p>Ein engagiertes Unternehmen <strong>Wir haben keinen Parkplatz, <\/strong>Es gibt jedoch st\u00e4dtische und Stra\u00dfenparkpl\u00e4tze in der N\u00e4he. Au\u00dferhalb der Miet- und Hauptsaison (Juni-Juli-August) k\u00f6nnen wir Ihnen bei der Suche nach kostenlosen Parkpl\u00e4tzen behilflich sein.<\/p>\n<\/div>\n<\/div>\n<div class=\"wp-block-aioseo-faq\" data-schema-only=\"false\">\n<h2 class=\"aioseo-faq-block-question\">Wie lauten die Stornierungsbedingungen?<\/h2>\n<div class=\"aioseo-faq-block-answer\">\n<p>F\u00fcr Stornierungen innerhalb der letzten 3 Tage fallen keine Geb\u00fchren an. F\u00fcr k\u00fcrzere Zeitr\u00e4ume wird eine Strafe von 1 Tag erhoben (alle 7 Tage wird ein zus\u00e4tzlicher Tag hinzugef\u00fcgt), beispielsweise wird eine Strafe von 2 N\u00e4chten f\u00fcr einen 8-t\u00e4gigen Aufenthalt erhoben.<\/p>\n<\/div>\n<\/div>\n<div class=\"wp-block-aioseo-faq\" data-schema-only=\"false\">\n<h2 class=\"aioseo-faq-block-question\">Kann ich eine Online-Reservierung vornehmen?<\/h2>\n<div class=\"aioseo-faq-block-answer\">\n<p>Ja, <a title=\"www.amasraadaapart.com\" href=\"https:\/\/www.amasraadaapart.com\/pages\/rooms-rates\" rel=\"nofollow\">www.amasraadaapart.com<\/a>Ich, Sie k\u00f6nnen direkt buchen.<\/p>\n<\/div>\n<\/div>\n<div class=\"wp-block-aioseo-faq\" data-schema-only=\"false\">\n<h2 class=\"aioseo-faq-block-question\">Wie sind Ihre Check-in- und Check-out-Zeiten?<\/h2>\n<div class=\"aioseo-faq-block-answer\">\n<p>Unsere Check-in-Zeit ist 14:00 Uhr und unsere Check-out-Zeit ist 11:00 Uhr.<\/p>\n<\/div>\n<\/div>\n<div class=\"wp-block-aioseo-faq\" data-schema-only=\"false\">\n<h2 class=\"aioseo-faq-block-question\">Haben Sie Verbindungen zu den Flugh\u00e4fen Istanbul, Ankara und \u00c7aycuma?<\/h2>\n<div class=\"aioseo-faq-block-answer\">\n<p>Wir bieten keinen direkten Service von Flugh\u00e4fen oder Busbahnh\u00f6fen an. wenn Sie w\u00fcnschen <a title=\"\" href=\"https:\/\/www.amasra.com.tr\/amasra-taksi-duragi-iletisim\/\" rel=\"nofollow\">Amasra-Taxi <\/a>Sie k\u00f6nnen Kontakt mit uns aufnehmen<\/p>\n<\/div>\n<\/div>\n<div class=\"wp-block-aioseo-faq\" data-schema-only=\"false\">\n<h2 class=\"aioseo-faq-block-question\">Wo finde ich detaillierte Informationen und eine Kartenlage zum Hotelzimmer?<\/h2>\n<div class=\"aioseo-faq-block-answer\">\n<p>auf unserer Website<a title=\"\" href=\"http:\/\/ruhipalace.com.tr\/de\/wohnung\/\"> Unsere Appartements &amp; Zimmer<\/a> Detaillierte Informationen finden Sie auf unserer Seite.<\/p>\n<\/div>\n<\/div>\n<div class=\"wp-block-aioseo-faq\" data-schema-only=\"false\">\n<h2 class=\"aioseo-faq-block-question\">Bieten Sie Fr\u00fchst\u00fcck oder Catering an?<\/h2>\n<div class=\"aioseo-faq-block-answer\">\n<p>Nein, gibt es nicht. Aber es gibt ein Restaurant, in dem Sie bestellen k\u00f6nnen! Au\u00dferdem steht Ihnen eine voll ausgestattete K\u00fcche zum Kochen und Genie\u00dfen zur Verf\u00fcgung.<\/p>\n<\/div>\n<\/div>\n<div class=\"wp-block-aioseo-faq\" data-schema-only=\"false\">\n<h2 class=\"aioseo-faq-block-question\">Wie erhalte ich eine Reservierungsbest\u00e4tigung?<\/h2>\n<div class=\"aioseo-faq-block-answer\">\n<p>Nachdem Sie Ihre Reservierung online oder \u00fcber unsere Telefonnummern vorgenommen haben <strong>Best\u00e4tigungsmail an Ihr E-Mail-System (IBAN-Informationen) <\/strong>wird kommen. <strong>Anzahlung innerhalb von 24 Stunden <\/strong>Mit der Anzahlung wird Ihre Reservierung best\u00e4tigt.<\/p>\n<\/div>\n<\/div>\n<\/div>\n<\/div>\n<\/div>\n<\/div>\n<p>&nbsp;<\/p>","protected":false},"excerpt":{"rendered":"<p>Do you accept pets? Unfortunately no, we love pets but  [&#8230;]<\/p>\n","protected":false},"author":1,"featured_media":0,"parent":0,"menu_order":0,"comment_status":"closed","ping_status":"closed","template":"","meta":{"_themeisle_gutenberg_block_has_review":false,"footnotes":""},"class_list":["post-604","page","type-page","status-publish","hentry"],"aioseo_notices":[],"yoast_head":"<!-- This site is optimized with the Yoast SEO plugin v27.5 - https:\/\/yoast.com\/product\/yoast-seo-wordpress\/ -->\n<title>Frequently Asked Questions - Ruhi Palace | Amasra<\/title>\n<meta name=\"robots\" content=\"index, follow, max-snippet:-1, max-image-preview:large, max-video-preview:-1\" \/>\n<link rel=\"canonical\" href=\"https:\/\/ruhipalace.com.tr\/de\/haufig-gestellte-fragen\/\" \/>\n<meta property=\"og:locale\" content=\"de_DE\" \/>\n<meta property=\"og:type\" content=\"article\" \/>\n<meta property=\"og:title\" content=\"Frequently Asked Questions - Ruhi Palace | Amasra\" \/>\n<meta property=\"og:description\" content=\"Do you accept pets? Unfortunately no, we love pets but [...]\" \/>\n<meta property=\"og:url\" content=\"https:\/\/ruhipalace.com.tr\/de\/haufig-gestellte-fragen\/\" \/>\n<meta property=\"og:site_name\" content=\"Ruhi Palace | Amasra\" \/>\n<meta property=\"article:modified_time\" content=\"2023-08-07T17:47:03+00:00\" \/>\n<meta name=\"twitter:card\" content=\"summary_large_image\" \/>\n<meta name=\"twitter:label1\" content=\"Est. reading time\" \/>\n\t<meta name=\"twitter:data1\" content=\"2 minutes\" \/>\n<script type=\"application\/ld+json\" class=\"yoast-schema-graph\">{\"@context\":\"https:\\\/\\\/schema.org\",\"@graph\":[{\"@type\":\"WebPage\",\"@id\":\"https:\\\/\\\/ruhipalace.com.tr\\\/frequently-asked-questions\\\/\",\"url\":\"https:\\\/\\\/ruhipalace.com.tr\\\/frequently-asked-questions\\\/\",\"name\":\"Frequently Asked Questions - Ruhi Palace | Amasra\",\"isPartOf\":{\"@id\":\"https:\\\/\\\/ruhipalace.com.tr\\\/#website\"},\"datePublished\":\"2023-08-07T17:45:34+00:00\",\"dateModified\":\"2023-08-07T17:47:03+00:00\",\"breadcrumb\":{\"@id\":\"https:\\\/\\\/ruhipalace.com.tr\\\/frequently-asked-questions\\\/#breadcrumb\"},\"inLanguage\":\"de-DE\",\"potentialAction\":[{\"@type\":\"ReadAction\",\"target\":[\"https:\\\/\\\/ruhipalace.com.tr\\\/frequently-asked-questions\\\/\"]}]},{\"@type\":\"BreadcrumbList\",\"@id\":\"https:\\\/\\\/ruhipalace.com.tr\\\/frequently-asked-questions\\\/#breadcrumb\",\"itemListElement\":[{\"@type\":\"ListItem\",\"position\":1,\"name\":\"Home\",\"item\":\"https:\\\/\\\/ruhipalace.com.tr\\\/\"},{\"@type\":\"ListItem\",\"position\":2,\"name\":\"Frequently Asked Questions\"}]},{\"@type\":\"WebSite\",\"@id\":\"https:\\\/\\\/ruhipalace.com.tr\\\/#website\",\"url\":\"https:\\\/\\\/ruhipalace.com.tr\\\/\",\"name\":\"Ruhi Palace | Amasra\",\"description\":\"Amasra&#039;s Best Rental Apartment, Stunning Historical View\",\"publisher\":{\"@id\":\"https:\\\/\\\/ruhipalace.com.tr\\\/#organization\"},\"potentialAction\":[{\"@type\":\"SearchAction\",\"target\":{\"@type\":\"EntryPoint\",\"urlTemplate\":\"https:\\\/\\\/ruhipalace.com.tr\\\/?s={search_term_string}\"},\"query-input\":{\"@type\":\"PropertyValueSpecification\",\"valueRequired\":true,\"valueName\":\"search_term_string\"}}],\"inLanguage\":\"de-DE\"},{\"@type\":\"Organization\",\"@id\":\"https:\\\/\\\/ruhipalace.com.tr\\\/#organization\",\"name\":\"Ruhi Palace | Amasra\",\"url\":\"https:\\\/\\\/ruhipalace.com.tr\\\/\",\"logo\":{\"@type\":\"ImageObject\",\"inLanguage\":\"de-DE\",\"@id\":\"https:\\\/\\\/ruhipalace.com.tr\\\/#\\\/schema\\\/logo\\\/image\\\/\",\"url\":\"https:\\\/\\\/ruhipalace.com.tr\\\/wp-content\\\/uploads\\\/2022\\\/10\\\/cropped-cropped-ruhipalace-logo-amasra.png\",\"contentUrl\":\"https:\\\/\\\/ruhipalace.com.tr\\\/wp-content\\\/uploads\\\/2022\\\/10\\\/cropped-cropped-ruhipalace-logo-amasra.png\",\"width\":200,\"height\":50,\"caption\":\"Ruhi Palace | Amasra\"},\"image\":{\"@id\":\"https:\\\/\\\/ruhipalace.com.tr\\\/#\\\/schema\\\/logo\\\/image\\\/\"}}]}<\/script>\n<!-- \/ Yoast SEO plugin. -->","yoast_head_json":{"title":"H\u00e4ufig gestellte Fragen - Ruhi-Palast | Amasra","robots":{"index":"index","follow":"follow","max-snippet":"max-snippet:-1","max-image-preview":"max-image-preview:large","max-video-preview":"max-video-preview:-1"},"canonical":"https:\/\/ruhipalace.com.tr\/de\/haufig-gestellte-fragen\/","og_locale":"de_DE","og_type":"article","og_title":"Frequently Asked Questions - Ruhi Palace | Amasra","og_description":"Do you accept pets? Unfortunately no, we love pets but [...]","og_url":"https:\/\/ruhipalace.com.tr\/de\/haufig-gestellte-fragen\/","og_site_name":"Ruhi Palace | Amasra","article_modified_time":"2023-08-07T17:47:03+00:00","twitter_card":"summary_large_image","twitter_misc":{"Est. reading time":"2 minutes"},"schema":{"@context":"https:\/\/schema.org","@graph":[{"@type":"WebPage","@id":"https:\/\/ruhipalace.com.tr\/frequently-asked-questions\/","url":"https:\/\/ruhipalace.com.tr\/frequently-asked-questions\/","name":"H\u00e4ufig gestellte Fragen - Ruhi-Palast | Amasra","isPartOf":{"@id":"https:\/\/ruhipalace.com.tr\/#website"},"datePublished":"2023-08-07T17:45:34+00:00","dateModified":"2023-08-07T17:47:03+00:00","breadcrumb":{"@id":"https:\/\/ruhipalace.com.tr\/frequently-asked-questions\/#breadcrumb"},"inLanguage":"de-DE","potentialAction":[{"@type":"ReadAction","target":["https:\/\/ruhipalace.com.tr\/frequently-asked-questions\/"]}]},{"@type":"BreadcrumbList","@id":"https:\/\/ruhipalace.com.tr\/frequently-asked-questions\/#breadcrumb","itemListElement":[{"@type":"ListItem","position":1,"name":"Home","item":"https:\/\/ruhipalace.com.tr\/"},{"@type":"ListItem","position":2,"name":"Frequently Asked Questions"}]},{"@type":"WebSite","@id":"https:\/\/ruhipalace.com.tr\/#website","url":"https:\/\/ruhipalace.com.tr\/","name":"Ruhi-Palast | Amasra","description":"Amasras beste Mietwohnung, atemberaubende historische Aussicht","publisher":{"@id":"https:\/\/ruhipalace.com.tr\/#organization"},"potentialAction":[{"@type":"SearchAction","target":{"@type":"EntryPoint","urlTemplate":"https:\/\/ruhipalace.com.tr\/?s={search_term_string}"},"query-input":{"@type":"PropertyValueSpecification","valueRequired":true,"valueName":"search_term_string"}}],"inLanguage":"de-DE"},{"@type":"Organization","@id":"https:\/\/ruhipalace.com.tr\/#organization","name":"Ruhi-Palast | Amasra","url":"https:\/\/ruhipalace.com.tr\/","logo":{"@type":"ImageObject","inLanguage":"de-DE","@id":"https:\/\/ruhipalace.com.tr\/#\/schema\/logo\/image\/","url":"https:\/\/ruhipalace.com.tr\/wp-content\/uploads\/2022\/10\/cropped-cropped-ruhipalace-logo-amasra.png","contentUrl":"https:\/\/ruhipalace.com.tr\/wp-content\/uploads\/2022\/10\/cropped-cropped-ruhipalace-logo-amasra.png","width":200,"height":50,"caption":"Ruhi Palace | Amasra"},"image":{"@id":"https:\/\/ruhipalace.com.tr\/#\/schema\/logo\/image\/"}}]}},"_links":{"self":[{"href":"https:\/\/ruhipalace.com.tr\/de\/wp-json\/wp\/v2\/pages\/604","targetHints":{"allow":["GET"]}}],"collection":[{"href":"https:\/\/ruhipalace.com.tr\/de\/wp-json\/wp\/v2\/pages"}],"about":[{"href":"https:\/\/ruhipalace.com.tr\/de\/wp-json\/wp\/v2\/types\/page"}],"author":[{"embeddable":true,"href":"https:\/\/ruhipalace.com.tr\/de\/wp-json\/wp\/v2\/users\/1"}],"replies":[{"embeddable":true,"href":"https:\/\/ruhipalace.com.tr\/de\/wp-json\/wp\/v2\/comments?post=604"}],"version-history":[{"count":2,"href":"https:\/\/ruhipalace.com.tr\/de\/wp-json\/wp\/v2\/pages\/604\/revisions"}],"predecessor-version":[{"id":607,"href":"https:\/\/ruhipalace.com.tr\/de\/wp-json\/wp\/v2\/pages\/604\/revisions\/607"}],"wp:attachment":[{"href":"https:\/\/ruhipalace.com.tr\/de\/wp-json\/wp\/v2\/media?parent=604"}],"curies":[{"name":"wp","href":"https:\/\/api.w.org\/{rel}","templated":true}]}}